{"id":7172,"date":"2021-09-14T18:30:26","date_gmt":"2021-09-14T21:30:26","guid":{"rendered":"https:\/\/transparenciaelectoral.org\/pt\/caoeste\/\/?page_id=7172"},"modified":"2023-12-04T10:23:29","modified_gmt":"2023-12-04T13:23:29","slug":"staff","status":"publish","type":"page","link":"https:\/\/transparenciaelectoral.org\/pt\/caoeste\/staff\/","title":{"rendered":"Staff"},"content":{"rendered":"\t\t<div data-elementor-type=\"wp-page\" data-elementor-id=\"7172\" class=\"elementor elementor-7172\" data-elementor-settings=\"{&quot;ha_cmc_init_switcher&quot;:&quot;no&quot;}\">\n\t\t\t\t\t\t<section class=\"elementor-section elementor-top-section elementor-element elementor-element-460b282 elementor-section-boxed elementor-section-height-default elementor-section-height-default\" data-id=\"460b282\" data-element_type=\"section\" data-settings=\"{&quot;_ha_eqh_enable&quot;:false}\">\n\t\t\t\t\t\t<div class=\"elementor-container elementor-column-gap-default\">\n\t\t\t\t\t<div class=\"elementor-column elementor-col-100 elementor-top-column elementor-element elementor-element-c08e7b6\" data-id=\"c08e7b6\" data-element_type=\"column\">\n\t\t\t<div class=\"elementor-widget-wrap elementor-element-populated\">\n\t\t\t\t\t\t<div class=\"elementor-element elementor-element-3f9d6f7 elementor-widget elementor-widget-heading\" data-id=\"3f9d6f7\" data-element_type=\"widget\" data-widget_type=\"heading.default\">\n\t\t\t\t<div class=\"elementor-widget-container\">\n\t\t\t\t\t<h2 class=\"elementor-heading-title elementor-size-default\">Staff<\/h2>\t\t\t\t<\/div>\n\t\t\t\t<\/div>\n\t\t\t\t\t<\/div>\n\t\t<\/div>\n\t\t\t\t\t<\/div>\n\t\t<\/section>\n\t\t\t\t<section class=\"elementor-section elementor-top-section elementor-element elementor-element-b4928eb elementor-section-boxed elementor-section-height-default elementor-section-height-default\" data-id=\"b4928eb\" data-element_type=\"section\" data-settings=\"{&quot;_ha_eqh_enable&quot;:false}\">\n\t\t\t\t\t\t<div class=\"elementor-container elementor-column-gap-default\">\n\t\t\t\t\t<div class=\"elementor-column elementor-col-33 elementor-top-column elementor-element elementor-element-1bc519a9\" data-id=\"1bc519a9\" data-element_type=\"column\">\n\t\t\t<div class=\"elementor-widget-wrap elementor-element-populated\">\n\t\t\t\t\t\t<div data-ha-element-link=\"{&quot;url&quot;:&quot;https:\\\/\\\/transparenciaelectoral.org\\\/pt\\\/caoeste\\\/\\\/staff-old\\\/barbara-benetti\\\/&quot;,&quot;is_external&quot;:&quot;&quot;,&quot;nofollow&quot;:&quot;&quot;}\" style=\"cursor: pointer\" class=\"elementor-element elementor-element-556c127 eael-team-align-centered elementor-widget elementor-widget-eael-team-member\" data-id=\"556c127\" data-element_type=\"widget\" data-widget_type=\"eael-team-member.default\">\n\t\t\t\t<div class=\"elementor-widget-container\">\n\t\t\t\t\t\n\n\t<div id=\"eael-team-member-556c127\" class=\"eael-team-item eael-team-members-circle \">\n\t\t<div class=\"eael-team-item-inner\">\n\t\t\t<div class=\"eael-team-image\">\n\t\t\t\t<figure>\n\t\t\t\t\t\t\t\t\t\t<img decoding=\"async\" src=\"https:\/\/transparenciaelectoral.org\/pt\/caoeste\/wp-content\/uploads\/2021\/09\/1-1.png\" alt=\"\">\n\t\t\t\t\t\t\t\t\t<\/figure>\n\t\t\t\t\n\t\t\t\t\n\t\t\t<\/div>\n\n\t\t\t<div class=\"eael-team-content\">\n\t\t\t\t<h2 class=\"eael-team-member-name\">B\u00e1rbara Benetti<\/h2><h3 class=\"eael-team-member-position\">Coordinadora Regional de la CAOESTE<\/h3>\n\t\t\t\t\t\t\t\t\t\t\t\t\t\t<p class=\"eael-team-text\"><\/p>\n\t\t\t\t\t\t\t<\/div>\n\t\t<\/div>\n\t<\/div>\n\t\t\t\t\t<\/div>\n\t\t\t\t<\/div>\n\t\t\t\t\t<\/div>\n\t\t<\/div>\n\t\t\t\t<div class=\"elementor-column elementor-col-33 elementor-top-column elementor-element elementor-element-45a1b7c\" data-id=\"45a1b7c\" data-element_type=\"column\">\n\t\t\t<div class=\"elementor-widget-wrap elementor-element-populated\">\n\t\t\t\t\t\t<div data-ha-element-link=\"{&quot;url&quot;:&quot;https:\\\/\\\/transparenciaelectoral.org\\\/pt\\\/caoeste\\\/\\\/staff\\\/paula-gomes-moreira\\\/&quot;,&quot;is_external&quot;:&quot;&quot;,&quot;nofollow&quot;:&quot;&quot;}\" style=\"cursor: pointer\" class=\"elementor-element elementor-element-1ca167c3 eael-team-align-centered elementor-widget elementor-widget-eael-team-member\" data-id=\"1ca167c3\" data-element_type=\"widget\" data-widget_type=\"eael-team-member.default\">\n\t\t\t\t<div class=\"elementor-widget-container\">\n\t\t\t\t\t\n\n\t<div id=\"eael-team-member-1ca167c3\" class=\"eael-team-item eael-team-members-circle \">\n\t\t<div class=\"eael-team-item-inner\">\n\t\t\t<div class=\"eael-team-image\">\n\t\t\t\t<figure>\n\t\t\t\t\t\t\t\t\t\t<img decoding=\"async\" src=\"https:\/\/transparenciaelectoral.org\/pt\/caoeste\/wp-content\/uploads\/2021\/09\/2-1.png\" alt=\"\">\n\t\t\t\t\t\t\t\t\t<\/figure>\n\t\t\t\t\n\t\t\t\t\n\t\t\t<\/div>\n\n\t\t\t<div class=\"eael-team-content\">\n\t\t\t\t<h2 class=\"eael-team-member-name\">Paula Gomes Moreira<\/h2><h3 class=\"eael-team-member-position\">Coordinadora en Brasil de la CAOESTE<\/h3>\n\t\t\t\t\t\t\t\t\t\t\t\t\t\t<p class=\"eael-team-text\"><\/p>\n\t\t\t\t\t\t\t<\/div>\n\t\t<\/div>\n\t<\/div>\n\t\t\t\t\t<\/div>\n\t\t\t\t<\/div>\n\t\t\t\t\t<\/div>\n\t\t<\/div>\n\t\t\t\t<div class=\"elementor-column elementor-col-33 elementor-top-column elementor-element elementor-element-2344a84\" data-id=\"2344a84\" data-element_type=\"column\">\n\t\t\t<div class=\"elementor-widget-wrap elementor-element-populated\">\n\t\t\t\t\t\t<div data-ha-element-link=\"{&quot;url&quot;:&quot;https:\\\/\\\/transparenciaelectoral.org\\\/pt\\\/caoeste\\\/\\\/staff-old\\\/janet-ramirez-suarez\\\/&quot;,&quot;is_external&quot;:&quot;&quot;,&quot;nofollow&quot;:&quot;&quot;}\" style=\"cursor: pointer\" class=\"elementor-element elementor-element-7d4799a eael-team-align-centered elementor-widget elementor-widget-eael-team-member\" data-id=\"7d4799a\" data-element_type=\"widget\" data-widget_type=\"eael-team-member.default\">\n\t\t\t\t<div class=\"elementor-widget-container\">\n\t\t\t\t\t\n\n\t<div id=\"eael-team-member-7d4799a\" class=\"eael-team-item eael-team-members-circle \">\n\t\t<div class=\"eael-team-item-inner\">\n\t\t\t<div class=\"eael-team-image\">\n\t\t\t\t<figure>\n\t\t\t\t\t\t\t\t\t\t<img decoding=\"async\" src=\"https:\/\/transparenciaelectoral.org\/pt\/caoeste\/wp-content\/uploads\/2021\/09\/3-1.png\" alt=\"\">\n\t\t\t\t\t\t\t\t\t<\/figure>\n\t\t\t\t\n\t\t\t\t\n\t\t\t<\/div>\n\n\t\t\t<div class=\"eael-team-content\">\n\t\t\t\t<h2 class=\"eael-team-member-name\">Janet Ram\u00edrez Suarez<\/h2><h3 class=\"eael-team-member-position\">Coordinadora en M\u00e9xico de la CAOESTE<\/h3>\n\t\t\t\t\t\t\t\t\t\t\t\t\t\t<p class=\"eael-team-text\"><\/p>\n\t\t\t\t\t\t\t<\/div>\n\t\t<\/div>\n\t<\/div>\n\t\t\t\t\t<\/div>\n\t\t\t\t<\/div>\n\t\t\t\t\t<\/div>\n\t\t<\/div>\n\t\t\t\t\t<\/div>\n\t\t<\/section>\n\t\t\t\t<section class=\"elementor-section elementor-top-section elementor-element elementor-element-53d2fb0d elementor-section-full_width elementor-section-stretched elementor-section-height-default elementor-section-height-default\" data-id=\"53d2fb0d\" data-element_type=\"section\" data-settings=\"{&quot;stretch_section&quot;:&quot;section-stretched&quot;,&quot;_ha_eqh_enable&quot;:false}\">\n\t\t\t\t\t\t<div class=\"elementor-container elementor-column-gap-default\">\n\t\t\t\t\t<div class=\"elementor-column elementor-col-100 elementor-top-column elementor-element elementor-element-4689c82f\" data-id=\"4689c82f\" data-element_type=\"column\">\n\t\t\t<div class=\"elementor-widget-wrap elementor-element-populated\">\n\t\t\t\t\t\t<div class=\"elementor-element elementor-element-2703b6f7 elementor-widget elementor-widget-image\" data-id=\"2703b6f7\" data-element_type=\"widget\" data-widget_type=\"image.default\">\n\t\t\t\t<div class=\"elementor-widget-container\">\n\t\t\t\t\t\t\t\t\t\t\t\t\t\t\t<img decoding=\"async\" width=\"1200\" height=\"11\" src=\"https:\/\/transparenciaelectoral.org\/pt\/caoeste\/wp-content\/uploads\/2021\/09\/SEPARADOR.jpg\" class=\"attachment-full size-full wp-image-7065\" alt=\"\" srcset=\"https:\/\/transparenciaelectoral.org\/pt\/caoeste\/wp-content\/uploads\/2021\/09\/SEPARADOR.jpg 1200w, https:\/\/transparenciaelectoral.org\/pt\/caoeste\/wp-content\/uploads\/2021\/09\/SEPARADOR-980x9.jpg 980w, https:\/\/transparenciaelectoral.org\/pt\/caoeste\/wp-content\/uploads\/2021\/09\/SEPARADOR-480x4.jpg 480w\" sizes=\"(min-width: 0px) and (max-width: 480px) 480px, (min-width: 481px) and (max-width: 980px) 980px, (min-width: 981px) 1200px, 100vw\" \/>\t\t\t\t\t\t\t\t\t\t\t\t\t\t\t<\/div>\n\t\t\t\t<\/div>\n\t\t\t\t\t<\/div>\n\t\t<\/div>\n\t\t\t\t\t<\/div>\n\t\t<\/section>\n\t\t\t\t<section class=\"elementor-section elementor-top-section elementor-element elementor-element-7af6dd08 elementor-section-full_width elementor-section-stretched elementor-section-height-default elementor-section-height-default\" data-id=\"7af6dd08\" data-element_type=\"section\" data-settings=\"{&quot;background_background&quot;:&quot;classic&quot;,&quot;stretch_section&quot;:&quot;section-stretched&quot;,&quot;_ha_eqh_enable&quot;:false}\">\n\t\t\t\t\t\t\t<div class=\"elementor-background-overlay\"><\/div>\n\t\t\t\t\t\t\t<div class=\"elementor-container elementor-column-gap-wide\">\n\t\t\t\t\t<div class=\"elementor-column elementor-col-100 elementor-top-column elementor-element elementor-element-37085166\" data-id=\"37085166\" data-element_type=\"column\">\n\t\t\t<div class=\"elementor-widget-wrap elementor-element-populated\">\n\t\t\t\t\t\t<div class=\"elementor-element elementor-element-49ae0b7c ha-logo-grid--col-4 ha-logo-grid--box ha-logo-grid--col--tablet2 ha-logo-grid--col--mobile2 elementor-widget elementor-widget-ha-logo-grid happy-addon ha-logo-grid\" data-id=\"49ae0b7c\" data-element_type=\"widget\" data-widget_type=\"ha-logo-grid.default\">\n\t\t\t\t<div class=\"elementor-widget-container\">\n\t\t\t\t\t\n        <div class=\"ha-logo-grid-wrapper\">\n                            <a class=\"ha-logo-grid-item ha-logo-grid-link\" href=\"https:\/\/www.transparenciaelectoral.org\/\" target=\"_blank\">\n                    <figure class=\"ha-logo-grid-figure\">\n                    <img decoding=\"async\" width=\"200\" height=\"80\" src=\"https:\/\/transparenciaelectoral.org\/pt\/caoeste\/wp-content\/uploads\/2021\/08\/3.png\" class=\"ha-logo-grid-img elementor-animation-grow\" alt=\"\" \/>                    <\/figure>\n                <\/a>\n                            <a class=\"ha-logo-grid-item ha-logo-grid-link\" href=\"https:\/\/transparenciaelectoral.org\/escuela\/\" target=\"_blank\">\n                    <figure class=\"ha-logo-grid-figure\">\n                    <img decoding=\"async\" width=\"200\" height=\"80\" src=\"https:\/\/transparenciaelectoral.org\/pt\/caoeste\/wp-content\/uploads\/2021\/08\/2.png\" class=\"ha-logo-grid-img elementor-animation-grow\" alt=\"\" \/>                    <\/figure>\n                <\/a>\n                            <a class=\"ha-logo-grid-item ha-logo-grid-link\" href=\"https:\/\/demoamlat.com\/\" target=\"_blank\">\n                    <figure class=\"ha-logo-grid-figure\">\n                    <img loading=\"lazy\" loading=\"lazy\" decoding=\"async\" width=\"200\" height=\"80\" src=\"https:\/\/transparenciaelectoral.org\/pt\/caoeste\/wp-content\/uploads\/2021\/08\/4.png\" class=\"ha-logo-grid-img elementor-animation-grow\" alt=\"\" \/>                    <\/figure>\n                <\/a>\n                            <a class=\"ha-logo-grid-item ha-logo-grid-link\" href=\"https:\/\/transparenciaelectoral.org\/demotech\/\" target=\"_blank\">\n                    <figure class=\"ha-logo-grid-figure\">\n                    <img loading=\"lazy\" loading=\"lazy\" decoding=\"async\" width=\"200\" height=\"80\" src=\"https:\/\/transparenciaelectoral.org\/pt\/caoeste\/wp-content\/uploads\/2021\/08\/1.png\" class=\"ha-logo-grid-img elementor-animation-grow\" alt=\"\" \/>                    <\/figure>\n                <\/a>\n                    <\/div>\n\n        \t\t\t\t<\/div>\n\t\t\t\t<\/div>\n\t\t\t\t<section class=\"elementor-section elementor-inner-section elementor-element elementor-element-482dffa2 elementor-section-boxed elementor-section-height-default elementor-section-height-default\" data-id=\"482dffa2\" data-element_type=\"section\" data-settings=\"{&quot;_ha_eqh_enable&quot;:false}\">\n\t\t\t\t\t\t<div class=\"elementor-container elementor-column-gap-default\">\n\t\t\t\t\t<div class=\"elementor-column elementor-col-100 elementor-inner-column elementor-element elementor-element-718b78b9\" data-id=\"718b78b9\" data-element_type=\"column\">\n\t\t\t<div class=\"elementor-widget-wrap elementor-element-populated\">\n\t\t\t\t\t\t<div class=\"elementor-element elementor-element-3e1924e4 ha-logo-grid--col-5 ha-logo-grid--tictactoe ha-logo-grid--col--tablet2 ha-logo-grid--col--mobile2 elementor-widget elementor-widget-ha-logo-grid happy-addon ha-logo-grid\" data-id=\"3e1924e4\" data-element_type=\"widget\" data-widget_type=\"ha-logo-grid.default\">\n\t\t\t\t<div class=\"elementor-widget-container\">\n\t\t\t\t\t\n        <div class=\"ha-logo-grid-wrapper\">\n                            <a class=\"ha-logo-grid-item ha-logo-grid-link\" href=\"https:\/\/twitter.com\/CAOESTE_ONG\" target=\"_blank\">\n                    <figure class=\"ha-logo-grid-figure\">\n                    <img loading=\"lazy\" loading=\"lazy\" decoding=\"async\" width=\"16\" height=\"16\" src=\"https:\/\/transparenciaelectoral.org\/pt\/caoeste\/wp-content\/uploads\/2021\/08\/twitter.png\" class=\"ha-logo-grid-img elementor-animation-grow\" alt=\"\" \/>                    <\/figure>\n                <\/a>\n                            <a class=\"ha-logo-grid-item ha-logo-grid-link\" href=\"https:\/\/www.linkedin.com\/showcase\/caoeste\/\" target=\"_blank\">\n                    <figure class=\"ha-logo-grid-figure\">\n                    <img loading=\"lazy\" loading=\"lazy\" decoding=\"async\" width=\"16\" height=\"16\" src=\"https:\/\/transparenciaelectoral.org\/pt\/caoeste\/wp-content\/uploads\/2021\/08\/linkedin.png\" class=\"ha-logo-grid-img elementor-animation-grow\" alt=\"\" \/>                    <\/figure>\n                <\/a>\n                            <a class=\"ha-logo-grid-item ha-logo-grid-link\" href=\"https:\/\/www.facebook.com\/Caoeste-Mexico-101156461660798\/\" target=\"_blank\">\n                    <figure class=\"ha-logo-grid-figure\">\n                    <img loading=\"lazy\" loading=\"lazy\" decoding=\"async\" width=\"16\" height=\"16\" src=\"https:\/\/transparenciaelectoral.org\/pt\/caoeste\/wp-content\/uploads\/2021\/08\/facebook.png\" class=\"ha-logo-grid-img elementor-animation-grow\" alt=\"\" \/>                    <\/figure>\n                <\/a>\n                            <a class=\"ha-logo-grid-item ha-logo-grid-link\" href=\"https:\/\/open.spotify.com\/show\/7j6IqsAvb2qJoWzWy6QFle\" target=\"_blank\">\n                    <figure class=\"ha-logo-grid-figure\">\n                    <img loading=\"lazy\" loading=\"lazy\" decoding=\"async\" width=\"16\" height=\"16\" src=\"https:\/\/transparenciaelectoral.org\/pt\/caoeste\/wp-content\/uploads\/2021\/08\/spotify.png\" class=\"ha-logo-grid-img elementor-animation-grow\" alt=\"\" \/>                    <\/figure>\n                <\/a>\n                            <a class=\"ha-logo-grid-item ha-logo-grid-link\" href=\"https:\/\/www.youtube.com\/watch?v=hp9DVXqvyEs\" target=\"_blank\">\n                    <figure class=\"ha-logo-grid-figure\">\n                    <img loading=\"lazy\" loading=\"lazy\" decoding=\"async\" width=\"16\" height=\"16\" src=\"https:\/\/transparenciaelectoral.org\/pt\/caoeste\/wp-content\/uploads\/2021\/08\/youtube.png\" class=\"ha-logo-grid-img elementor-animation-grow\" alt=\"\" \/>                    <\/figure>\n                <\/a>\n                    <\/div>\n\n        \t\t\t\t<\/div>\n\t\t\t\t<\/div>\n\t\t\t\t\t<\/div>\n\t\t<\/div>\n\t\t\t\t\t<\/div>\n\t\t<\/section>\n\t\t\t\t\t<\/div>\n\t\t<\/div>\n\t\t\t\t\t<\/div>\n\t\t<\/section>\n\t\t\t\t<\/div>\n\t\t","protected":false},"excerpt":{"rendered":"<p>Staff B\u00e1rbara Benetti Coordinadora Regional de la CAOESTE Paula Gomes Moreira Coordinadora en Brasil de la CAOESTE Janet Ram\u00edrez Suarez Coordinadora en M\u00e9xico de la CAOESTE<\/p>\n","protected":false},"author":1,"featured_media":0,"parent":0,"menu_order":0,"comment_status":"closed","ping_status":"closed","template":"","meta":{"_et_pb_use_builder":"","_et_pb_old_content":"","_et_gb_content_width":"","footnotes":""},"class_list":["post-7172","page","type-page","status-publish","hentry"],"yoast_head":"<!-- This site is optimized with the Yoast SEO plugin v25.5 - https:\/\/yoast.com\/wordpress\/plugins\/seo\/ -->\n<title>Staff - Caoeste PT<\/title>\n<meta name=\"robots\" content=\"index, follow, max-snippet:-1, max-image-preview:large, max-video-preview:-1\" \/>\n<link rel=\"canonical\" href=\"https:\/\/transparenciaelectoral.org\/pt\/caoeste\/staff\/\" \/>\n<meta property=\"og:locale\" content=\"es_ES\" \/>\n<meta property=\"og:type\" content=\"article\" \/>\n<meta property=\"og:title\" content=\"Staff - Caoeste PT\" \/>\n<meta property=\"og:description\" content=\"Staff B\u00e1rbara Benetti Coordinadora Regional de la CAOESTE Paula Gomes Moreira Coordinadora en Brasil de la CAOESTE Janet Ram\u00edrez Suarez Coordinadora en M\u00e9xico de la CAOESTE\" \/>\n<meta property=\"og:url\" content=\"https:\/\/transparenciaelectoral.org\/pt\/caoeste\/staff\/\" \/>\n<meta property=\"og:site_name\" content=\"Caoeste PT\" \/>\n<meta property=\"article:publisher\" content=\"https:\/\/www.facebook.com\/Caoeste-Mexico-101156461660798\/\" \/>\n<meta property=\"article:modified_time\" content=\"2023-12-04T13:23:29+00:00\" \/>\n<meta property=\"og:image\" content=\"https:\/\/transparenciaelectoral.org\/pt\/caoeste\/\/wp-content\/uploads\/2021\/09\/1-1.png\" \/>\n<meta name=\"twitter:card\" content=\"summary_large_image\" \/>\n<meta name=\"twitter:site\" content=\"@CAOESTE_ONG\" \/>\n<script type=\"application\/ld+json\" class=\"yoast-schema-graph\">{\"@context\":\"https:\/\/schema.org\",\"@graph\":[{\"@type\":\"WebPage\",\"@id\":\"https:\/\/transparenciaelectoral.org\/pt\/caoeste\/staff\/\",\"url\":\"https:\/\/transparenciaelectoral.org\/pt\/caoeste\/staff\/\",\"name\":\"Staff - Caoeste PT\",\"isPartOf\":{\"@id\":\"https:\/\/transparenciaelectoral.org\/pt\/caoeste\/#website\"},\"primaryImageOfPage\":{\"@id\":\"https:\/\/transparenciaelectoral.org\/pt\/caoeste\/staff\/#primaryimage\"},\"image\":{\"@id\":\"https:\/\/transparenciaelectoral.org\/pt\/caoeste\/staff\/#primaryimage\"},\"thumbnailUrl\":\"https:\/\/transparenciaelectoral.org\/pt\/caoeste\/\/wp-content\/uploads\/2021\/09\/1-1.png\",\"datePublished\":\"2021-09-14T21:30:26+00:00\",\"dateModified\":\"2023-12-04T13:23:29+00:00\",\"breadcrumb\":{\"@id\":\"https:\/\/transparenciaelectoral.org\/pt\/caoeste\/staff\/#breadcrumb\"},\"inLanguage\":\"es\",\"potentialAction\":[{\"@type\":\"ReadAction\",\"target\":[\"https:\/\/transparenciaelectoral.org\/pt\/caoeste\/staff\/\"]}]},{\"@type\":\"ImageObject\",\"inLanguage\":\"es\",\"@id\":\"https:\/\/transparenciaelectoral.org\/pt\/caoeste\/staff\/#primaryimage\",\"url\":\"https:\/\/transparenciaelectoral.org\/pt\/caoeste\/wp-content\/uploads\/2021\/09\/1-1.png\",\"contentUrl\":\"https:\/\/transparenciaelectoral.org\/pt\/caoeste\/wp-content\/uploads\/2021\/09\/1-1.png\",\"width\":200,\"height\":200},{\"@type\":\"BreadcrumbList\",\"@id\":\"https:\/\/transparenciaelectoral.org\/pt\/caoeste\/staff\/#breadcrumb\",\"itemListElement\":[{\"@type\":\"ListItem\",\"position\":1,\"name\":\"Portada\",\"item\":\"https:\/\/transparenciaelectoral.org\/pt\/caoeste\/\"},{\"@type\":\"ListItem\",\"position\":2,\"name\":\"Staff\"}]},{\"@type\":\"WebSite\",\"@id\":\"https:\/\/transparenciaelectoral.org\/pt\/caoeste\/#website\",\"url\":\"https:\/\/transparenciaelectoral.org\/pt\/caoeste\/\",\"name\":\"Caoeste PT\",\"description\":\"Conferencia Americana de Organismos Electorales Subnacionales por la Transparencia Electoral\",\"potentialAction\":[{\"@type\":\"SearchAction\",\"target\":{\"@type\":\"EntryPoint\",\"urlTemplate\":\"https:\/\/transparenciaelectoral.org\/pt\/caoeste\/?s={search_term_string}\"},\"query-input\":{\"@type\":\"PropertyValueSpecification\",\"valueRequired\":true,\"valueName\":\"search_term_string\"}}],\"inLanguage\":\"es\"}]}<\/script>\n<!-- \/ Yoast SEO plugin. -->","yoast_head_json":{"title":"Staff - Caoeste PT","robots":{"index":"index","follow":"follow","max-snippet":"max-snippet:-1","max-image-preview":"max-image-preview:large","max-video-preview":"max-video-preview:-1"},"canonical":"https:\/\/transparenciaelectoral.org\/pt\/caoeste\/staff\/","og_locale":"es_ES","og_type":"article","og_title":"Staff - Caoeste PT","og_description":"Staff B\u00e1rbara Benetti Coordinadora Regional de la CAOESTE Paula Gomes Moreira Coordinadora en Brasil de la CAOESTE Janet Ram\u00edrez Suarez Coordinadora en M\u00e9xico de la CAOESTE","og_url":"https:\/\/transparenciaelectoral.org\/pt\/caoeste\/staff\/","og_site_name":"Caoeste PT","article_publisher":"https:\/\/www.facebook.com\/Caoeste-Mexico-101156461660798\/","article_modified_time":"2023-12-04T13:23:29+00:00","og_image":[{"url":"https:\/\/transparenciaelectoral.org\/pt\/caoeste\/\/wp-content\/uploads\/2021\/09\/1-1.png","type":"","width":"","height":""}],"twitter_card":"summary_large_image","twitter_site":"@CAOESTE_ONG","schema":{"@context":"https:\/\/schema.org","@graph":[{"@type":"WebPage","@id":"https:\/\/transparenciaelectoral.org\/pt\/caoeste\/staff\/","url":"https:\/\/transparenciaelectoral.org\/pt\/caoeste\/staff\/","name":"Staff - Caoeste PT","isPartOf":{"@id":"https:\/\/transparenciaelectoral.org\/pt\/caoeste\/#website"},"primaryImageOfPage":{"@id":"https:\/\/transparenciaelectoral.org\/pt\/caoeste\/staff\/#primaryimage"},"image":{"@id":"https:\/\/transparenciaelectoral.org\/pt\/caoeste\/staff\/#primaryimage"},"thumbnailUrl":"https:\/\/transparenciaelectoral.org\/pt\/caoeste\/\/wp-content\/uploads\/2021\/09\/1-1.png","datePublished":"2021-09-14T21:30:26+00:00","dateModified":"2023-12-04T13:23:29+00:00","breadcrumb":{"@id":"https:\/\/transparenciaelectoral.org\/pt\/caoeste\/staff\/#breadcrumb"},"inLanguage":"es","potentialAction":[{"@type":"ReadAction","target":["https:\/\/transparenciaelectoral.org\/pt\/caoeste\/staff\/"]}]},{"@type":"ImageObject","inLanguage":"es","@id":"https:\/\/transparenciaelectoral.org\/pt\/caoeste\/staff\/#primaryimage","url":"https:\/\/transparenciaelectoral.org\/pt\/caoeste\/wp-content\/uploads\/2021\/09\/1-1.png","contentUrl":"https:\/\/transparenciaelectoral.org\/pt\/caoeste\/wp-content\/uploads\/2021\/09\/1-1.png","width":200,"height":200},{"@type":"BreadcrumbList","@id":"https:\/\/transparenciaelectoral.org\/pt\/caoeste\/staff\/#breadcrumb","itemListElement":[{"@type":"ListItem","position":1,"name":"Portada","item":"https:\/\/transparenciaelectoral.org\/pt\/caoeste\/"},{"@type":"ListItem","position":2,"name":"Staff"}]},{"@type":"WebSite","@id":"https:\/\/transparenciaelectoral.org\/pt\/caoeste\/#website","url":"https:\/\/transparenciaelectoral.org\/pt\/caoeste\/","name":"Caoeste PT","description":"Conferencia Americana de Organismos Electorales Subnacionales por la Transparencia Electoral","potentialAction":[{"@type":"SearchAction","target":{"@type":"EntryPoint","urlTemplate":"https:\/\/transparenciaelectoral.org\/pt\/caoeste\/?s={search_term_string}"},"query-input":{"@type":"PropertyValueSpecification","valueRequired":true,"valueName":"search_term_string"}}],"inLanguage":"es"}]}},"_links":{"self":[{"href":"https:\/\/transparenciaelectoral.org\/pt\/caoeste\/wp-json\/wp\/v2\/pages\/7172","targetHints":{"allow":["GET"]}}],"collection":[{"href":"https:\/\/transparenciaelectoral.org\/pt\/caoeste\/wp-json\/wp\/v2\/pages"}],"about":[{"href":"https:\/\/transparenciaelectoral.org\/pt\/caoeste\/wp-json\/wp\/v2\/types\/page"}],"author":[{"embeddable":true,"href":"https:\/\/transparenciaelectoral.org\/pt\/caoeste\/wp-json\/wp\/v2\/users\/1"}],"replies":[{"embeddable":true,"href":"https:\/\/transparenciaelectoral.org\/pt\/caoeste\/wp-json\/wp\/v2\/comments?post=7172"}],"version-history":[{"count":2,"href":"https:\/\/transparenciaelectoral.org\/pt\/caoeste\/wp-json\/wp\/v2\/pages\/7172\/revisions"}],"predecessor-version":[{"id":9225,"href":"https:\/\/transparenciaelectoral.org\/pt\/caoeste\/wp-json\/wp\/v2\/pages\/7172\/revisions\/9225"}],"wp:attachment":[{"href":"https:\/\/transparenciaelectoral.org\/pt\/caoeste\/wp-json\/wp\/v2\/media?parent=7172"}],"curies":[{"name":"wp","href":"https:\/\/api.w.org\/{rel}","templated":true}]}}