{"id":6551,"date":"2021-08-27T12:01:12","date_gmt":"2021-08-27T15:01:12","guid":{"rendered":"https:\/\/transparenciaelectoral.org\/en\/caoeste\/\/?page_id=6551"},"modified":"2023-12-04T10:22:58","modified_gmt":"2023-12-04T13:22:58","slug":"quienes-somos","status":"publish","type":"page","link":"https:\/\/transparenciaelectoral.org\/en\/caoeste\/quienes-somos\/","title":{"rendered":"\u00bfQui\u00e9nes somos?"},"content":{"rendered":"\t\t<div data-elementor-type=\"wp-page\" data-elementor-id=\"6551\" class=\"elementor elementor-6551\" data-elementor-settings=\"{&quot;ha_cmc_init_switcher&quot;:&quot;no&quot;}\">\n\t\t\t\t\t\t<section class=\"elementor-section elementor-top-section elementor-element elementor-element-6a69f294 elementor-section-content-top elementor-section-boxed elementor-section-height-default elementor-section-height-default\" data-id=\"6a69f294\" data-element_type=\"section\" id=\"xs_cta_style_13\" data-settings=\"{&quot;_ha_eqh_enable&quot;:false}\">\n\t\t\t\t\t\t<div class=\"elementor-container elementor-column-gap-default\">\n\t\t\t\t\t<div class=\"elementor-column elementor-col-100 elementor-top-column elementor-element elementor-element-7ab6a79f\" data-id=\"7ab6a79f\" data-element_type=\"column\">\n\t\t\t<div class=\"elementor-widget-wrap elementor-element-populated\">\n\t\t\t\t\t\t<div class=\"elementor-element elementor-element-7c5983ff elementor-widget elementor-widget-elementskit-heading\" data-id=\"7c5983ff\" data-element_type=\"widget\" data-widget_type=\"elementskit-heading.default\">\n\t\t\t\t<div class=\"elementor-widget-container\">\n\t\t\t\t\t<div class=\"ekit-wid-con\" ><div class=\"ekit-heading elementskit-section-title-wraper text_center   ekit_heading_tablet-   ekit_heading_mobile-\"><h1 class=\"ekit-heading--title elementskit-section-title \">\u00bfQui\u00e9nes somos?<\/h1><div class=\"ekit_heading_separetor_wraper ekit_heading_elementskit-border-divider ekit-dotted\"><div class=\"elementskit-border-divider ekit-dotted\"><\/div><\/div><\/div><\/div>\t\t\t\t<\/div>\n\t\t\t\t<\/div>\n\t\t\t\t<section class=\"elementor-section elementor-inner-section elementor-element elementor-element-3fccdb72 elementor-section-full_width elementor-section-height-default elementor-section-height-default\" data-id=\"3fccdb72\" data-element_type=\"section\" data-settings=\"{&quot;background_background&quot;:&quot;classic&quot;,&quot;_ha_eqh_enable&quot;:false}\">\n\t\t\t\t\t\t<div class=\"elementor-container elementor-column-gap-default\">\n\t\t\t\t\t<div class=\"elementor-column elementor-col-50 elementor-inner-column elementor-element elementor-element-e03878\" data-id=\"e03878\" data-element_type=\"column\">\n\t\t\t<div class=\"elementor-widget-wrap elementor-element-populated\">\n\t\t\t\t\t\t<div class=\"elementor-element elementor-element-6f1d14a elementor-widget elementor-widget-elementskit-heading\" data-id=\"6f1d14a\" data-element_type=\"widget\" data-widget_type=\"elementskit-heading.default\">\n\t\t\t\t<div class=\"elementor-widget-container\">\n\t\t\t\t\t<div class=\"ekit-wid-con\" ><div class=\"ekit-heading elementskit-section-title-wraper text_left   ekit_heading_tablet-   ekit_heading_mobile-\"><h2 class=\"ekit-heading--title elementskit-section-title \">CAOESTE <\/h2>\t\t\t\t<div class='ekit-heading__description'>\n\t\t\t\t\t<p>La <em>Conferencia Americana de Organismos Electorales Subnacionales por la Transparencia Electoral<\/em> (CAOESTE) es una entidad que aglutina a autoridades y servidores de organismos electorales subnacionales, as\u00ed como a especialistas, acad\u00e9micos, representantes de empresas que desarrollan tecnolog\u00edas electorales y tiene como objetivo facilitar el di\u00e1logo e interacci\u00f3n entre sus integrantes para compartir experiencias e informaci\u00f3n sobre pr\u00e1cticas electorales, acciones para mejorar las condiciones en la agenda de g\u00e9nero y una mayor participaci\u00f3n de mujeres y diferentes minor\u00edas.<\/p>\n\t\t\t\t<\/div>\n\t\t\t<\/div><\/div>\t\t\t\t<\/div>\n\t\t\t\t<\/div>\n\t\t\t\t\t<\/div>\n\t\t<\/div>\n\t\t\t\t<div class=\"elementor-column elementor-col-50 elementor-inner-column elementor-element elementor-element-aa8c0e8\" data-id=\"aa8c0e8\" data-element_type=\"column\">\n\t\t\t<div class=\"elementor-widget-wrap elementor-element-populated\">\n\t\t\t\t\t\t<div class=\"elementor-element elementor-element-5fd71d56 elementor-align-right elementor-align--mobilecenter elementor-widget elementor-widget-elementskit-button\" data-id=\"5fd71d56\" data-element_type=\"widget\" data-widget_type=\"elementskit-button.default\">\n\t\t\t\t<div class=\"elementor-widget-container\">\n\t\t\t\t\t<div class=\"ekit-wid-con\" >\t\t<div class=\"ekit-btn-wraper\">\n\t\t\t\t\t\t\t<a href=\"https:\/\/transparenciaelectoral.org\/en\/caoeste\/\/inscripcion-en-caoeste\/\" class=\"elementskit-btn  whitespace--normal\" id=\"\">\n\t\t\t\t\tASOCIATE\t\t\t\t<\/a>\n\t\t\t\t\t<\/div>\n        <\/div>\t\t\t\t<\/div>\n\t\t\t\t<\/div>\n\t\t\t\t\t<\/div>\n\t\t<\/div>\n\t\t\t\t\t<\/div>\n\t\t<\/section>\n\t\t\t\t\t<\/div>\n\t\t<\/div>\n\t\t\t\t\t<\/div>\n\t\t<\/section>\n\t\t\t\t<section class=\"elementor-section elementor-top-section elementor-element elementor-element-685b6504 elementor-section-full_width elementor-section-stretched elementor-section-height-default elementor-section-height-default\" data-id=\"685b6504\" data-element_type=\"section\" data-settings=\"{&quot;stretch_section&quot;:&quot;section-stretched&quot;,&quot;_ha_eqh_enable&quot;:false}\">\n\t\t\t\t\t\t<div class=\"elementor-container elementor-column-gap-default\">\n\t\t\t\t\t<div class=\"elementor-column elementor-col-100 elementor-top-column elementor-element elementor-element-1daa2890\" data-id=\"1daa2890\" data-element_type=\"column\">\n\t\t\t<div class=\"elementor-widget-wrap elementor-element-populated\">\n\t\t\t\t\t\t<div class=\"elementor-element elementor-element-191f3391 elementor-widget elementor-widget-image\" data-id=\"191f3391\" data-element_type=\"widget\" data-widget_type=\"image.default\">\n\t\t\t\t<div class=\"elementor-widget-container\">\n\t\t\t\t\t\t\t\t\t\t\t\t\t\t\t<img decoding=\"async\" width=\"1200\" height=\"11\" src=\"https:\/\/transparenciaelectoral.org\/en\/caoeste\/wp-content\/uploads\/2021\/09\/SEPARADOR.jpg\" class=\"attachment-full size-full wp-image-7065\" alt=\"\" srcset=\"https:\/\/transparenciaelectoral.org\/en\/caoeste\/wp-content\/uploads\/2021\/09\/SEPARADOR.jpg 1200w, https:\/\/transparenciaelectoral.org\/en\/caoeste\/wp-content\/uploads\/2021\/09\/SEPARADOR-980x9.jpg 980w, https:\/\/transparenciaelectoral.org\/en\/caoeste\/wp-content\/uploads\/2021\/09\/SEPARADOR-480x4.jpg 480w\" sizes=\"(min-width: 0px) and (max-width: 480px) 480px, (min-width: 481px) and (max-width: 980px) 980px, (min-width: 981px) 1200px, 100vw\" \/>\t\t\t\t\t\t\t\t\t\t\t\t\t\t\t<\/div>\n\t\t\t\t<\/div>\n\t\t\t\t\t<\/div>\n\t\t<\/div>\n\t\t\t\t\t<\/div>\n\t\t<\/section>\n\t\t\t\t<section class=\"elementor-section elementor-top-section elementor-element elementor-element-167003ea elementor-section-full_width elementor-section-stretched elementor-section-height-default elementor-section-height-default\" data-id=\"167003ea\" data-element_type=\"section\" data-settings=\"{&quot;background_background&quot;:&quot;classic&quot;,&quot;stretch_section&quot;:&quot;section-stretched&quot;,&quot;_ha_eqh_enable&quot;:false}\">\n\t\t\t\t\t\t\t<div class=\"elementor-background-overlay\"><\/div>\n\t\t\t\t\t\t\t<div class=\"elementor-container elementor-column-gap-wide\">\n\t\t\t\t\t<div class=\"elementor-column elementor-col-100 elementor-top-column elementor-element elementor-element-568f3b3a\" data-id=\"568f3b3a\" data-element_type=\"column\">\n\t\t\t<div class=\"elementor-widget-wrap elementor-element-populated\">\n\t\t\t\t\t\t<div class=\"elementor-element elementor-element-2e8bb19a ha-logo-grid--col-4 ha-logo-grid--box ha-logo-grid--col--tablet2 ha-logo-grid--col--mobile2 elementor-widget elementor-widget-ha-logo-grid happy-addon ha-logo-grid\" data-id=\"2e8bb19a\" data-element_type=\"widget\" data-widget_type=\"ha-logo-grid.default\">\n\t\t\t\t<div class=\"elementor-widget-container\">\n\t\t\t\t\t\n        <div class=\"ha-logo-grid-wrapper\">\n                            <a class=\"ha-logo-grid-item ha-logo-grid-link\" href=\"https:\/\/www.transparenciaelectoral.org\/\" target=\"_blank\">\n                    <figure class=\"ha-logo-grid-figure\">\n                    <img decoding=\"async\" width=\"200\" height=\"80\" src=\"https:\/\/transparenciaelectoral.org\/en\/caoeste\/wp-content\/uploads\/2021\/08\/3.png\" class=\"ha-logo-grid-img elementor-animation-grow\" alt=\"\" \/>                    <\/figure>\n                <\/a>\n                            <a class=\"ha-logo-grid-item ha-logo-grid-link\" href=\"https:\/\/transparenciaelectoral.org\/escuela\/\" target=\"_blank\">\n                    <figure class=\"ha-logo-grid-figure\">\n                    <img decoding=\"async\" width=\"200\" height=\"80\" src=\"https:\/\/transparenciaelectoral.org\/en\/caoeste\/wp-content\/uploads\/2021\/08\/2.png\" class=\"ha-logo-grid-img elementor-animation-grow\" alt=\"\" \/>                    <\/figure>\n                <\/a>\n                            <a class=\"ha-logo-grid-item ha-logo-grid-link\" href=\"https:\/\/demoamlat.com\/\" target=\"_blank\">\n                    <figure class=\"ha-logo-grid-figure\">\n                    <img loading=\"lazy\" loading=\"lazy\" decoding=\"async\" width=\"200\" height=\"80\" src=\"https:\/\/transparenciaelectoral.org\/en\/caoeste\/wp-content\/uploads\/2021\/08\/4.png\" class=\"ha-logo-grid-img elementor-animation-grow\" alt=\"\" \/>                    <\/figure>\n                <\/a>\n                            <a class=\"ha-logo-grid-item ha-logo-grid-link\" href=\"https:\/\/transparenciaelectoral.org\/demotech\/\" target=\"_blank\">\n                    <figure class=\"ha-logo-grid-figure\">\n                    <img loading=\"lazy\" loading=\"lazy\" decoding=\"async\" width=\"200\" height=\"80\" src=\"https:\/\/transparenciaelectoral.org\/en\/caoeste\/wp-content\/uploads\/2021\/08\/1.png\" class=\"ha-logo-grid-img elementor-animation-grow\" alt=\"\" \/>                    <\/figure>\n                <\/a>\n                    <\/div>\n\n        \t\t\t\t<\/div>\n\t\t\t\t<\/div>\n\t\t\t\t<section class=\"elementor-section elementor-inner-section elementor-element elementor-element-6bfd2a1f elementor-section-boxed elementor-section-height-default elementor-section-height-default\" data-id=\"6bfd2a1f\" data-element_type=\"section\" data-settings=\"{&quot;_ha_eqh_enable&quot;:false}\">\n\t\t\t\t\t\t<div class=\"elementor-container elementor-column-gap-default\">\n\t\t\t\t\t<div class=\"elementor-column elementor-col-100 elementor-inner-column elementor-element elementor-element-7962762f\" data-id=\"7962762f\" data-element_type=\"column\">\n\t\t\t<div class=\"elementor-widget-wrap elementor-element-populated\">\n\t\t\t\t\t\t<div class=\"elementor-element elementor-element-6e6651b0 ha-logo-grid--col-5 ha-logo-grid--tictactoe ha-logo-grid--col--tablet2 ha-logo-grid--col--mobile2 elementor-widget elementor-widget-ha-logo-grid happy-addon ha-logo-grid\" data-id=\"6e6651b0\" data-element_type=\"widget\" data-widget_type=\"ha-logo-grid.default\">\n\t\t\t\t<div class=\"elementor-widget-container\">\n\t\t\t\t\t\n        <div class=\"ha-logo-grid-wrapper\">\n                            <a class=\"ha-logo-grid-item ha-logo-grid-link\" href=\"https:\/\/twitter.com\/CAOESTE_ONG\" target=\"_blank\">\n                    <figure class=\"ha-logo-grid-figure\">\n                    <img loading=\"lazy\" loading=\"lazy\" decoding=\"async\" width=\"16\" height=\"16\" src=\"https:\/\/transparenciaelectoral.org\/en\/caoeste\/wp-content\/uploads\/2021\/08\/twitter.png\" class=\"ha-logo-grid-img elementor-animation-grow\" alt=\"\" \/>                    <\/figure>\n                <\/a>\n                            <a class=\"ha-logo-grid-item ha-logo-grid-link\" href=\"https:\/\/www.linkedin.com\/showcase\/caoeste\/\" target=\"_blank\">\n                    <figure class=\"ha-logo-grid-figure\">\n                    <img loading=\"lazy\" loading=\"lazy\" decoding=\"async\" width=\"16\" height=\"16\" src=\"https:\/\/transparenciaelectoral.org\/en\/caoeste\/wp-content\/uploads\/2021\/08\/linkedin.png\" class=\"ha-logo-grid-img elementor-animation-grow\" alt=\"\" \/>                    <\/figure>\n                <\/a>\n                            <a class=\"ha-logo-grid-item ha-logo-grid-link\" href=\"https:\/\/www.facebook.com\/Caoeste-Mexico-101156461660798\/\" target=\"_blank\">\n                    <figure class=\"ha-logo-grid-figure\">\n                    <img loading=\"lazy\" loading=\"lazy\" decoding=\"async\" width=\"16\" height=\"16\" src=\"https:\/\/transparenciaelectoral.org\/en\/caoeste\/wp-content\/uploads\/2021\/08\/facebook.png\" class=\"ha-logo-grid-img elementor-animation-grow\" alt=\"\" \/>                    <\/figure>\n                <\/a>\n                            <a class=\"ha-logo-grid-item ha-logo-grid-link\" href=\"https:\/\/open.spotify.com\/show\/7j6IqsAvb2qJoWzWy6QFle\" target=\"_blank\">\n                    <figure class=\"ha-logo-grid-figure\">\n                    <img loading=\"lazy\" loading=\"lazy\" decoding=\"async\" width=\"16\" height=\"16\" src=\"https:\/\/transparenciaelectoral.org\/en\/caoeste\/wp-content\/uploads\/2021\/08\/spotify.png\" class=\"ha-logo-grid-img elementor-animation-grow\" alt=\"\" \/>                    <\/figure>\n                <\/a>\n                            <a class=\"ha-logo-grid-item ha-logo-grid-link\" href=\"https:\/\/www.youtube.com\/watch?v=hp9DVXqvyEs\" target=\"_blank\">\n                    <figure class=\"ha-logo-grid-figure\">\n                    <img loading=\"lazy\" loading=\"lazy\" decoding=\"async\" width=\"16\" height=\"16\" src=\"https:\/\/transparenciaelectoral.org\/en\/caoeste\/wp-content\/uploads\/2021\/08\/youtube.png\" class=\"ha-logo-grid-img elementor-animation-grow\" alt=\"\" \/>                    <\/figure>\n                <\/a>\n                    <\/div>\n\n        \t\t\t\t<\/div>\n\t\t\t\t<\/div>\n\t\t\t\t\t<\/div>\n\t\t<\/div>\n\t\t\t\t\t<\/div>\n\t\t<\/section>\n\t\t\t\t\t<\/div>\n\t\t<\/div>\n\t\t\t\t\t<\/div>\n\t\t<\/section>\n\t\t\t\t<\/div>\n\t\t","protected":false},"excerpt":{"rendered":"<p>\u00bfQui\u00e9nes somos? CAOESTE La Conferencia Americana de Organismos Electorales Subnacionales por la Transparencia Electoral (CAOESTE) es una entidad que aglutina a autoridades y servidores de organismos electorales subnacionales, as\u00ed como a especialistas, acad\u00e9micos, representantes de empresas que desarrollan tecnolog\u00edas electorales y tiene como objetivo facilitar el di\u00e1logo e interacci\u00f3n entre sus integrantes para compartir experiencias [&hellip;]<\/p>\n","protected":false},"author":1,"featured_media":0,"parent":0,"menu_order":0,"comment_status":"closed","ping_status":"open","template":"","meta":{"_et_pb_use_builder":"","_et_pb_old_content":"","_et_gb_content_width":"","footnotes":""},"class_list":["post-6551","page","type-page","status-publish","hentry"],"yoast_head":"<!-- This site is optimized with the Yoast SEO plugin v25.5 - https:\/\/yoast.com\/wordpress\/plugins\/seo\/ -->\n<title>\u00bfQui\u00e9nes somos? - Caoeste EN<\/title>\n<meta name=\"robots\" content=\"index, follow, max-snippet:-1, max-image-preview:large, max-video-preview:-1\" \/>\n<link rel=\"canonical\" href=\"https:\/\/transparenciaelectoral.org\/en\/caoeste\/quienes-somos\/\" \/>\n<meta property=\"og:locale\" content=\"es_ES\" \/>\n<meta property=\"og:type\" content=\"article\" \/>\n<meta property=\"og:title\" content=\"\u00bfQui\u00e9nes somos? - Caoeste EN\" \/>\n<meta property=\"og:description\" content=\"\u00bfQui\u00e9nes somos? CAOESTE La Conferencia Americana de Organismos Electorales Subnacionales por la Transparencia Electoral (CAOESTE) es una entidad que aglutina a autoridades y servidores de organismos electorales subnacionales, as\u00ed como a especialistas, acad\u00e9micos, representantes de empresas que desarrollan tecnolog\u00edas electorales y tiene como objetivo facilitar el di\u00e1logo e interacci\u00f3n entre sus integrantes para compartir experiencias [&hellip;]\" \/>\n<meta property=\"og:url\" content=\"https:\/\/transparenciaelectoral.org\/en\/caoeste\/quienes-somos\/\" \/>\n<meta property=\"og:site_name\" content=\"Caoeste EN\" \/>\n<meta property=\"article:publisher\" content=\"https:\/\/www.facebook.com\/Caoeste-Mexico-101156461660798\/\" \/>\n<meta property=\"article:modified_time\" content=\"2023-12-04T13:22:58+00:00\" \/>\n<meta property=\"og:image\" content=\"https:\/\/transparenciaelectoral.org\/en\/caoeste\/\/wp-content\/uploads\/2021\/09\/SEPARADOR.jpg\" \/>\n<meta name=\"twitter:card\" content=\"summary_large_image\" \/>\n<meta name=\"twitter:site\" content=\"@CAOESTE_ONG\" \/>\n<script type=\"application\/ld+json\" class=\"yoast-schema-graph\">{\"@context\":\"https:\/\/schema.org\",\"@graph\":[{\"@type\":\"WebPage\",\"@id\":\"https:\/\/transparenciaelectoral.org\/en\/caoeste\/quienes-somos\/\",\"url\":\"https:\/\/transparenciaelectoral.org\/en\/caoeste\/quienes-somos\/\",\"name\":\"\u00bfQui\u00e9nes somos? - Caoeste EN\",\"isPartOf\":{\"@id\":\"https:\/\/transparenciaelectoral.org\/en\/caoeste\/#website\"},\"primaryImageOfPage\":{\"@id\":\"https:\/\/transparenciaelectoral.org\/en\/caoeste\/quienes-somos\/#primaryimage\"},\"image\":{\"@id\":\"https:\/\/transparenciaelectoral.org\/en\/caoeste\/quienes-somos\/#primaryimage\"},\"thumbnailUrl\":\"https:\/\/transparenciaelectoral.org\/en\/caoeste\/\/wp-content\/uploads\/2021\/09\/SEPARADOR.jpg\",\"datePublished\":\"2021-08-27T15:01:12+00:00\",\"dateModified\":\"2023-12-04T13:22:58+00:00\",\"breadcrumb\":{\"@id\":\"https:\/\/transparenciaelectoral.org\/en\/caoeste\/quienes-somos\/#breadcrumb\"},\"inLanguage\":\"es\",\"potentialAction\":[{\"@type\":\"ReadAction\",\"target\":[\"https:\/\/transparenciaelectoral.org\/en\/caoeste\/quienes-somos\/\"]}]},{\"@type\":\"ImageObject\",\"inLanguage\":\"es\",\"@id\":\"https:\/\/transparenciaelectoral.org\/en\/caoeste\/quienes-somos\/#primaryimage\",\"url\":\"https:\/\/transparenciaelectoral.org\/en\/caoeste\/wp-content\/uploads\/2021\/09\/SEPARADOR.jpg\",\"contentUrl\":\"https:\/\/transparenciaelectoral.org\/en\/caoeste\/wp-content\/uploads\/2021\/09\/SEPARADOR.jpg\",\"width\":1200,\"height\":11},{\"@type\":\"BreadcrumbList\",\"@id\":\"https:\/\/transparenciaelectoral.org\/en\/caoeste\/quienes-somos\/#breadcrumb\",\"itemListElement\":[{\"@type\":\"ListItem\",\"position\":1,\"name\":\"Portada\",\"item\":\"https:\/\/transparenciaelectoral.org\/en\/caoeste\/\"},{\"@type\":\"ListItem\",\"position\":2,\"name\":\"\u00bfQui\u00e9nes somos?\"}]},{\"@type\":\"WebSite\",\"@id\":\"https:\/\/transparenciaelectoral.org\/en\/caoeste\/#website\",\"url\":\"https:\/\/transparenciaelectoral.org\/en\/caoeste\/\",\"name\":\"Caoeste EN\",\"description\":\"Conferencia Americana de Organismos Electorales Subnacionales por la Transparencia Electoral\",\"potentialAction\":[{\"@type\":\"SearchAction\",\"target\":{\"@type\":\"EntryPoint\",\"urlTemplate\":\"https:\/\/transparenciaelectoral.org\/en\/caoeste\/?s={search_term_string}\"},\"query-input\":{\"@type\":\"PropertyValueSpecification\",\"valueRequired\":true,\"valueName\":\"search_term_string\"}}],\"inLanguage\":\"es\"}]}<\/script>\n<!-- \/ Yoast SEO plugin. -->","yoast_head_json":{"title":"\u00bfQui\u00e9nes somos? - Caoeste EN","robots":{"index":"index","follow":"follow","max-snippet":"max-snippet:-1","max-image-preview":"max-image-preview:large","max-video-preview":"max-video-preview:-1"},"canonical":"https:\/\/transparenciaelectoral.org\/en\/caoeste\/quienes-somos\/","og_locale":"es_ES","og_type":"article","og_title":"\u00bfQui\u00e9nes somos? - Caoeste EN","og_description":"\u00bfQui\u00e9nes somos? CAOESTE La Conferencia Americana de Organismos Electorales Subnacionales por la Transparencia Electoral (CAOESTE) es una entidad que aglutina a autoridades y servidores de organismos electorales subnacionales, as\u00ed como a especialistas, acad\u00e9micos, representantes de empresas que desarrollan tecnolog\u00edas electorales y tiene como objetivo facilitar el di\u00e1logo e interacci\u00f3n entre sus integrantes para compartir experiencias [&hellip;]","og_url":"https:\/\/transparenciaelectoral.org\/en\/caoeste\/quienes-somos\/","og_site_name":"Caoeste EN","article_publisher":"https:\/\/www.facebook.com\/Caoeste-Mexico-101156461660798\/","article_modified_time":"2023-12-04T13:22:58+00:00","og_image":[{"url":"https:\/\/transparenciaelectoral.org\/en\/caoeste\/\/wp-content\/uploads\/2021\/09\/SEPARADOR.jpg","type":"","width":"","height":""}],"twitter_card":"summary_large_image","twitter_site":"@CAOESTE_ONG","schema":{"@context":"https:\/\/schema.org","@graph":[{"@type":"WebPage","@id":"https:\/\/transparenciaelectoral.org\/en\/caoeste\/quienes-somos\/","url":"https:\/\/transparenciaelectoral.org\/en\/caoeste\/quienes-somos\/","name":"\u00bfQui\u00e9nes somos? - Caoeste EN","isPartOf":{"@id":"https:\/\/transparenciaelectoral.org\/en\/caoeste\/#website"},"primaryImageOfPage":{"@id":"https:\/\/transparenciaelectoral.org\/en\/caoeste\/quienes-somos\/#primaryimage"},"image":{"@id":"https:\/\/transparenciaelectoral.org\/en\/caoeste\/quienes-somos\/#primaryimage"},"thumbnailUrl":"https:\/\/transparenciaelectoral.org\/en\/caoeste\/\/wp-content\/uploads\/2021\/09\/SEPARADOR.jpg","datePublished":"2021-08-27T15:01:12+00:00","dateModified":"2023-12-04T13:22:58+00:00","breadcrumb":{"@id":"https:\/\/transparenciaelectoral.org\/en\/caoeste\/quienes-somos\/#breadcrumb"},"inLanguage":"es","potentialAction":[{"@type":"ReadAction","target":["https:\/\/transparenciaelectoral.org\/en\/caoeste\/quienes-somos\/"]}]},{"@type":"ImageObject","inLanguage":"es","@id":"https:\/\/transparenciaelectoral.org\/en\/caoeste\/quienes-somos\/#primaryimage","url":"https:\/\/transparenciaelectoral.org\/en\/caoeste\/wp-content\/uploads\/2021\/09\/SEPARADOR.jpg","contentUrl":"https:\/\/transparenciaelectoral.org\/en\/caoeste\/wp-content\/uploads\/2021\/09\/SEPARADOR.jpg","width":1200,"height":11},{"@type":"BreadcrumbList","@id":"https:\/\/transparenciaelectoral.org\/en\/caoeste\/quienes-somos\/#breadcrumb","itemListElement":[{"@type":"ListItem","position":1,"name":"Portada","item":"https:\/\/transparenciaelectoral.org\/en\/caoeste\/"},{"@type":"ListItem","position":2,"name":"\u00bfQui\u00e9nes somos?"}]},{"@type":"WebSite","@id":"https:\/\/transparenciaelectoral.org\/en\/caoeste\/#website","url":"https:\/\/transparenciaelectoral.org\/en\/caoeste\/","name":"Caoeste EN","description":"Conferencia Americana de Organismos Electorales Subnacionales por la Transparencia Electoral","potentialAction":[{"@type":"SearchAction","target":{"@type":"EntryPoint","urlTemplate":"https:\/\/transparenciaelectoral.org\/en\/caoeste\/?s={search_term_string}"},"query-input":{"@type":"PropertyValueSpecification","valueRequired":true,"valueName":"search_term_string"}}],"inLanguage":"es"}]}},"_links":{"self":[{"href":"https:\/\/transparenciaelectoral.org\/en\/caoeste\/wp-json\/wp\/v2\/pages\/6551","targetHints":{"allow":["GET"]}}],"collection":[{"href":"https:\/\/transparenciaelectoral.org\/en\/caoeste\/wp-json\/wp\/v2\/pages"}],"about":[{"href":"https:\/\/transparenciaelectoral.org\/en\/caoeste\/wp-json\/wp\/v2\/types\/page"}],"author":[{"embeddable":true,"href":"https:\/\/transparenciaelectoral.org\/en\/caoeste\/wp-json\/wp\/v2\/users\/1"}],"replies":[{"embeddable":true,"href":"https:\/\/transparenciaelectoral.org\/en\/caoeste\/wp-json\/wp\/v2\/comments?post=6551"}],"version-history":[{"count":1,"href":"https:\/\/transparenciaelectoral.org\/en\/caoeste\/wp-json\/wp\/v2\/pages\/6551\/revisions"}],"predecessor-version":[{"id":9201,"href":"https:\/\/transparenciaelectoral.org\/en\/caoeste\/wp-json\/wp\/v2\/pages\/6551\/revisions\/9201"}],"wp:attachment":[{"href":"https:\/\/transparenciaelectoral.org\/en\/caoeste\/wp-json\/wp\/v2\/media?parent=6551"}],"curies":[{"name":"wp","href":"https:\/\/api.w.org\/{rel}","templated":true}]}}